{"id":5,"date":"2023-07-03T13:10:26","date_gmt":"2023-07-03T13:10:26","guid":{"rendered":"https:\/\/ehg-kommunaltechnik.de\/?page_id=5"},"modified":"2023-07-03T14:28:23","modified_gmt":"2023-07-03T14:28:23","slug":"willkommen-auf-https-ehg-kommunaltechnik-de","status":"publish","type":"page","link":"https:\/\/ehg-kommunaltechnik.de\/","title":{"rendered":"Willkommen bei EHG-Kommunaltechnik.de"},"content":{"rendered":"\n<p>Die EHG Kommunaltechnik hat sich vor 10 Jahren auf den Handel mit gebrauchten Kommunalfahrzeugen spezialisiert. Unsere Fachwerkstatt pr\u00fcft und repariert hersteller\u00fcbergreifend.<\/p>\n\n\n\n<p>Seit 2020 bieten wir zus\u00e4tzlich die M\u00f6glichkeit Spezialfahrzeuge zu mieten und erm\u00f6glichen unseren Kunden somit, auf unterschiedliche Anforderungen und Auftragslagen flexibel reagieren zu k\u00f6nnen.<\/p>\n","protected":false},"excerpt":{"rendered":"<p>Die EHG Kommunaltechnik hat sich vor 10 Jahren auf den Handel mit gebrauchten Kommunalfahrzeugen spezialisiert. Unsere Fachwerkstatt pr\u00fcft und repariert hersteller\u00fcbergreifend. Seit 2020 bieten wir zus\u00e4tzlich die M\u00f6glichkeit Spezialfahrzeuge zu [&hellip;]<\/p>\n","protected":false},"author":1,"featured_media":0,"parent":0,"menu_order":0,"comment_status":"closed","ping_status":"open","template":"","meta":[],"_links":{"self":[{"href":"https:\/\/ehg-kommunaltechnik.de\/index.php?rest_route=\/wp\/v2\/pages\/5"}],"collection":[{"href":"https:\/\/ehg-kommunaltechnik.de\/index.php?rest_route=\/wp\/v2\/pages"}],"about":[{"href":"https:\/\/ehg-kommunaltechnik.de\/index.php?rest_route=\/wp\/v2\/types\/page"}],"author":[{"embeddable":true,"href":"https:\/\/ehg-kommunaltechnik.de\/index.php?rest_route=\/wp\/v2\/users\/1"}],"replies":[{"embeddable":true,"href":"https:\/\/ehg-kommunaltechnik.de\/index.php?rest_route=%2Fwp%2Fv2%2Fcomments&post=5"}],"version-history":[{"count":1,"href":"https:\/\/ehg-kommunaltechnik.de\/index.php?rest_route=\/wp\/v2\/pages\/5\/revisions"}],"predecessor-version":[{"id":25,"href":"https:\/\/ehg-kommunaltechnik.de\/index.php?rest_route=\/wp\/v2\/pages\/5\/revisions\/25"}],"wp:attachment":[{"href":"https:\/\/ehg-kommunaltechnik.de\/index.php?rest_route=%2Fwp%2Fv2%2Fmedia&parent=5"}],"curies":[{"name":"wp","href":"https:\/\/api.w.org\/{rel}","templated":true}]}}